{"id":11665,"date":"2025-11-07T08:23:25","date_gmt":"2025-11-07T08:23:25","guid":{"rendered":"https:\/\/arsistek.com\/?page_id=11665"},"modified":"2025-11-07T11:07:17","modified_gmt":"2025-11-07T11:07:17","slug":"paket-aritma-uretim","status":"publish","type":"page","link":"https:\/\/arsistek.com\/ar\/paket-aritma-uretim\/","title":{"rendered":"Kataloglar"},"content":{"rendered":"<section class=\"l-section wpb_row height_large color_primary with_img\"><div class=\"l-section-img\" role=\"img\" aria-label=\"Paket Ar\u0131tma Sistemleri\" data-img-width=\"1600\" data-img-height=\"720\" style=\"background-image: url(https:\/\/arsistek.com\/wp-content\/uploads\/2025\/09\/paketaritma.jpg);\"><\/div><div class=\"l-section-overlay\" style=\"background:rgba(33,47,85,0.09)\"><\/div><div class=\"l-section-h i-cf\"><div class=\"g-cols vc_row via_grid cols_1 laptops-cols_inherit tablets-cols_inherit mobiles-cols_1 valign_top type_default stacking_default\"><div class=\"wpb_column vc_column_container\"><div class=\"vc_column-inner\"><h1 class=\"w-post-elm post_title us_custom_9763f552 entry-title color_link_inherit\">Kataloglar<\/h1><div class=\"w-html\"><span><span><a href=\"https:\/\/arsistek.com\/ar\/\">Anasayfa<\/a><\/span><\/span><\/div><\/div><\/div><\/div><\/div><\/section><section class=\"l-section wpb_row height_custom\"><div class=\"l-section-h i-cf\"><div class=\"g-cols vc_row via_grid cols_4 laptops-cols_inherit tablets-cols_inherit mobiles-cols_1 valign_top type_default stacking_default\"><div class=\"wpb_column vc_column_container us_custom_d5cbcdee\"><div class=\"vc_column-inner\"><div class=\"w-separator size_custom\" style=\"height:20px\"><\/div><h5 class=\"w-text us_custom_eb849559\"><span class=\"w-text-h\"><span class=\"w-text-value\">GENEL KATALOG<\/span><\/span><\/h5><div class=\"w-image us_custom_3d4f6972 has_height align_center\"><a href=\"#\" aria-label=\"Paket Ar\u0131tma Katalog\" class=\"w-image-h\"><img decoding=\"async\" width=\"200\" height=\"282\" src=\"https:\/\/arsistek.com\/wp-content\/uploads\/2025\/11\/paket-aritma-katalog-tr.png\" class=\"attachment-us_200_400 size-us_200_400\" alt=\"Paket Ar\u0131tma Katalog\" loading=\"lazy\" srcset=\"https:\/\/arsistek.com\/wp-content\/uploads\/2025\/11\/paket-aritma-katalog-tr.png 453w, https:\/\/arsistek.com\/wp-content\/uploads\/2025\/11\/paket-aritma-katalog-tr-213x300.png 213w, https:\/\/arsistek.com\/wp-content\/uploads\/2025\/11\/paket-aritma-katalog-tr-9x12.png 9w, https:\/\/arsistek.com\/wp-content\/uploads\/2025\/11\/paket-aritma-katalog-tr-142x200.png 142w, https:\/\/arsistek.com\/wp-content\/uploads\/2025\/11\/paket-aritma-katalog-tr-284x400.png 284w\" sizes=\"auto, (max-width: 200px) 100vw, 200px\" \/><\/a><\/div><div class=\"w-separator size_custom\" style=\"height:20px\"><\/div><div class=\"w-tabs style_default switch_click accordion has_scrolling\" style=\"--sections-title-size:inherit\"><div class=\"w-tabs-sections titles-align_none icon_chevron cpos_right\"><div class=\"w-tabs-section no_indents\" id=\"sfb1\"><button class=\"w-tabs-section-header with_icon\" aria-controls=\"content-sfb1\" aria-expanded=\"false\"><i class=\"fas fa-folder-download\"><\/i><div class=\"w-tabs-section-title\">Dil Se\u00e7imi Yap\u0131n !<\/div><div class=\"w-tabs-section-control\"><\/div><\/button><div  class=\"w-tabs-section-content\" id=\"content-sfb1\"><div class=\"w-tabs-section-content-h i-cf\"><div class=\"wpb_text_column\"><div class=\"wpb_wrapper\"><ul>\n<li><a href=\"https:\/\/arsistek.com\/wp-content\/uploads\/2025\/11\/arsistek-tr.pdf\" target=\"_blank\" rel=\"noopener\">T\u00dcRK\u00c7E<\/a><\/li>\n<li><a href=\"https:\/\/arsistek.com\/wp-content\/uploads\/2025\/11\/arsistek-en.pdf\" target=\"_blank\" rel=\"noopener\">\u0130NG\u0130L\u0130ZCE<\/a><\/li>\n<li>FRANSIZCA<\/li>\n<li>RUS\u00c7A<\/li>\n<li>ARAP\u00c7A<\/li>\n<\/ul>\n<\/div><\/div><\/div><\/div><\/div><\/div><\/div><\/div><\/div><div class=\"wpb_column vc_column_container us_custom_d5cbcdee\"><div class=\"vc_column-inner\"><div class=\"w-separator size_custom\" style=\"height:20px\"><\/div><h5 class=\"w-text us_custom_eb849559\"><span class=\"w-text-h\"><span class=\"w-text-value\">PAKET ARITMA<\/span><\/span><\/h5><div class=\"w-image us_custom_3d4f6972 has_height align_center\"><a href=\"#\" aria-label=\"Paket Ar\u0131tma Katalog\" class=\"w-image-h\"><img decoding=\"async\" width=\"200\" height=\"282\" src=\"https:\/\/arsistek.com\/wp-content\/uploads\/2025\/11\/paket-aritma-katalog-tr.png\" class=\"attachment-us_200_400 size-us_200_400\" alt=\"Paket Ar\u0131tma Katalog\" loading=\"lazy\" srcset=\"https:\/\/arsistek.com\/wp-content\/uploads\/2025\/11\/paket-aritma-katalog-tr.png 453w, https:\/\/arsistek.com\/wp-content\/uploads\/2025\/11\/paket-aritma-katalog-tr-213x300.png 213w, https:\/\/arsistek.com\/wp-content\/uploads\/2025\/11\/paket-aritma-katalog-tr-9x12.png 9w, https:\/\/arsistek.com\/wp-content\/uploads\/2025\/11\/paket-aritma-katalog-tr-142x200.png 142w, https:\/\/arsistek.com\/wp-content\/uploads\/2025\/11\/paket-aritma-katalog-tr-284x400.png 284w\" sizes=\"auto, (max-width: 200px) 100vw, 200px\" \/><\/a><\/div><div class=\"w-separator size_custom\" style=\"height:20px\"><\/div><div class=\"w-tabs style_default switch_click accordion has_scrolling\" style=\"--sections-title-size:inherit\"><div class=\"w-tabs-sections titles-align_none icon_chevron cpos_right\"><div class=\"w-tabs-section no_indents\" id=\"n738\"><button class=\"w-tabs-section-header with_icon\" aria-controls=\"content-n738\" aria-expanded=\"false\"><i class=\"fas fa-folder-download\"><\/i><div class=\"w-tabs-section-title\">Dil Se\u00e7imi Yap\u0131n !<\/div><div class=\"w-tabs-section-control\"><\/div><\/button><div  class=\"w-tabs-section-content\" id=\"content-n738\"><div class=\"w-tabs-section-content-h i-cf\"><div class=\"wpb_text_column\"><div class=\"wpb_wrapper\"><ul>\n<li><a href=\"https:\/\/arsistek.com\/wp-content\/uploads\/2025\/11\/paket-aritma-tr.pdf\" target=\"_blank\" rel=\"noopener\">T\u00dcRK\u00c7E<\/a><\/li>\n<li><a href=\"https:\/\/arsistek.com\/wp-content\/uploads\/2025\/11\/paket-aritma-en.pdf\" target=\"_blank\" rel=\"noopener\">\u0130NG\u0130L\u0130ZCE<\/a><\/li>\n<li>FRANSIZCA<\/li>\n<li>RUS\u00c7A<\/li>\n<li>ARAP\u00c7A<\/li>\n<\/ul>\n<\/div><\/div><\/div><\/div><\/div><\/div><\/div><\/div><\/div><div class=\"wpb_column vc_column_container us_custom_d5cbcdee\"><div class=\"vc_column-inner\"><div class=\"w-separator size_custom\" style=\"height:20px\"><\/div><h5 class=\"w-text us_custom_eb849559\"><span class=\"w-text-h\"><span class=\"w-text-value\">MBR ARITMA<\/span><\/span><\/h5><div class=\"w-image us_custom_3d4f6972 has_height align_center\"><a href=\"#\" aria-label=\"Paket Ar\u0131tma Katalog\" class=\"w-image-h\"><img decoding=\"async\" width=\"200\" height=\"282\" src=\"https:\/\/arsistek.com\/wp-content\/uploads\/2025\/11\/paket-aritma-katalog-tr.png\" class=\"attachment-us_200_400 size-us_200_400\" alt=\"Paket Ar\u0131tma Katalog\" loading=\"lazy\" srcset=\"https:\/\/arsistek.com\/wp-content\/uploads\/2025\/11\/paket-aritma-katalog-tr.png 453w, https:\/\/arsistek.com\/wp-content\/uploads\/2025\/11\/paket-aritma-katalog-tr-213x300.png 213w, https:\/\/arsistek.com\/wp-content\/uploads\/2025\/11\/paket-aritma-katalog-tr-9x12.png 9w, https:\/\/arsistek.com\/wp-content\/uploads\/2025\/11\/paket-aritma-katalog-tr-142x200.png 142w, https:\/\/arsistek.com\/wp-content\/uploads\/2025\/11\/paket-aritma-katalog-tr-284x400.png 284w\" sizes=\"auto, (max-width: 200px) 100vw, 200px\" \/><\/a><\/div><div class=\"w-separator size_custom\" style=\"height:20px\"><\/div><div class=\"w-tabs style_default switch_click accordion has_scrolling\" style=\"--sections-title-size:inherit\"><div class=\"w-tabs-sections titles-align_none icon_chevron cpos_right\"><div class=\"w-tabs-section no_indents\" id=\"ida3\"><button class=\"w-tabs-section-header with_icon\" aria-controls=\"content-ida3\" aria-expanded=\"false\"><i class=\"fas fa-folder-download\"><\/i><div class=\"w-tabs-section-title\">Dil Se\u00e7imi Yap\u0131n !<\/div><div class=\"w-tabs-section-control\"><\/div><\/button><div  class=\"w-tabs-section-content\" id=\"content-ida3\"><div class=\"w-tabs-section-content-h i-cf\"><div class=\"wpb_text_column\"><div class=\"wpb_wrapper\"><ul>\n<li>T\u00dcRK\u00c7E<\/li>\n<li>\u0130NG\u0130L\u0130ZCE<\/li>\n<li>FRANSIZCA<\/li>\n<li>RUS\u00c7A<\/li>\n<li>ARAP\u00c7A<\/li>\n<\/ul>\n<\/div><\/div><\/div><\/div><\/div><\/div><\/div><\/div><\/div><div class=\"wpb_column vc_column_container us_custom_d5cbcdee\"><div class=\"vc_column-inner\"><div class=\"w-separator size_custom\" style=\"height:20px\"><\/div><h5 class=\"w-text us_custom_eb849559\"><span class=\"w-text-h\"><span class=\"w-text-value\">MBBR ARITMA<\/span><\/span><\/h5><div class=\"w-image us_custom_3d4f6972 has_height align_center\"><a href=\"#\" aria-label=\"Paket Ar\u0131tma Katalog\" class=\"w-image-h\"><img decoding=\"async\" width=\"200\" height=\"282\" src=\"https:\/\/arsistek.com\/wp-content\/uploads\/2025\/11\/paket-aritma-katalog-tr.png\" class=\"attachment-us_200_400 size-us_200_400\" alt=\"Paket Ar\u0131tma Katalog\" loading=\"lazy\" srcset=\"https:\/\/arsistek.com\/wp-content\/uploads\/2025\/11\/paket-aritma-katalog-tr.png 453w, https:\/\/arsistek.com\/wp-content\/uploads\/2025\/11\/paket-aritma-katalog-tr-213x300.png 213w, https:\/\/arsistek.com\/wp-content\/uploads\/2025\/11\/paket-aritma-katalog-tr-9x12.png 9w, https:\/\/arsistek.com\/wp-content\/uploads\/2025\/11\/paket-aritma-katalog-tr-142x200.png 142w, https:\/\/arsistek.com\/wp-content\/uploads\/2025\/11\/paket-aritma-katalog-tr-284x400.png 284w\" sizes=\"auto, (max-width: 200px) 100vw, 200px\" \/><\/a><\/div><div class=\"w-separator size_custom\" style=\"height:20px\"><\/div><div class=\"w-tabs style_default switch_click accordion has_scrolling\" style=\"--sections-title-size:inherit\"><div class=\"w-tabs-sections titles-align_none icon_chevron cpos_right\"><div class=\"w-tabs-section no_indents\" id=\"x41d\"><button class=\"w-tabs-section-header with_icon\" aria-controls=\"content-x41d\" aria-expanded=\"false\"><i class=\"fas fa-folder-download\"><\/i><div class=\"w-tabs-section-title\">Dil Se\u00e7imi Yap\u0131n !<\/div><div class=\"w-tabs-section-control\"><\/div><\/button><div  class=\"w-tabs-section-content\" id=\"content-x41d\"><div class=\"w-tabs-section-content-h i-cf\"><div class=\"wpb_text_column\"><div class=\"wpb_wrapper\"><ul>\n<li>T\u00dcRK\u00c7E<\/li>\n<li>\u0130NG\u0130L\u0130ZCE<\/li>\n<li>FRANSIZCA<\/li>\n<li>RUS\u00c7A<\/li>\n<li>ARAP\u00c7A<\/li>\n<\/ul>\n<\/div><\/div><\/div><\/div><\/div><\/div><\/div><\/div><\/div><\/div><\/div><\/section><section class=\"l-section wpb_row height_custom\"><div class=\"l-section-h i-cf\"><div class=\"g-cols vc_row via_grid cols_1 laptops-cols_inherit tablets-cols_inherit mobiles-cols_1 valign_top type_default stacking_default\"><div class=\"wpb_column vc_column_container\"><div class=\"vc_column-inner\"><div class=\"wpb_text_column\"><div class=\"wpb_wrapper\"><p style=\"text-align: center;\">Paket Ar\u0131tma \u00dcretim, Teknik bilgi i\u00e7in <a href=\"\/ar\/hizmetler\/paket-aritma-sistemleri\/\" target=\"_blank\" rel=\"noopener\">Paket Ar\u0131tma Sistemleri<\/a> sayfas\u0131n\u0131 inceleyebilirsiniz. Su ar\u0131tma y\u00f6netmelikleri hakk\u0131nda bilgi i\u00e7in <a href=\"https:\/\/www.cevre.gov.tr\/\" target=\"_blank\" rel=\"noopener\">\u00c7evre, \u015eehircilik ve \u0130klim De\u011fi\u015fikli\u011fi Bakanl\u0131\u011f\u0131<\/a> web sitesini ziyaret edin.<\/p>\n<\/div><\/div><\/div><\/div><\/div><\/div><\/section>","protected":false},"excerpt":{"rendered":"KataloglarAnasayfaGENEL KATALOGDil Se\u00e7imi Yap\u0131n ! T\u00dcRK\u00c7E \u0130NG\u0130L\u0130ZCE FRANSIZCA RUS\u00c7A ARAP\u00c7A PAKET ARITMADil Se\u00e7imi Yap\u0131n ! T\u00dcRK\u00c7E \u0130NG\u0130L\u0130ZCE FRANSIZCA RUS\u00c7A ARAP\u00c7A MBR ARITMADil Se\u00e7imi Yap\u0131n ! T\u00dcRK\u00c7E \u0130NG\u0130L\u0130ZCE FRANSIZCA RUS\u00c7A ARAP\u00c7A MBBR ARITMADil Se\u00e7imi Yap\u0131n ! T\u00dcRK\u00c7E \u0130NG\u0130L\u0130ZCE FRANSIZCA RUS\u00c7A ARAP\u00c7A Paket Ar\u0131tma \u00dcretim, Teknik bilgi i\u00e7in Paket Ar\u0131tma Sistemleri sayfas\u0131n\u0131 inceleyebilirsiniz. Su ar\u0131tma y\u00f6netmelikleri hakk\u0131nda...","protected":false},"author":1,"featured_media":0,"parent":0,"menu_order":0,"comment_status":"closed","ping_status":"closed","template":"","meta":{"_themeisle_gutenberg_block_has_review":false,"footnotes":""},"class_list":["post-11665","page","type-page","status-publish","hentry"],"yoast_head":"<!-- This site is optimized with the Yoast SEO Premium plugin v25.6 (Yoast SEO v26.4) - https:\/\/yoast.com\/wordpress\/plugins\/seo\/ -->\n<title>Paket Ar\u0131tma \u00dcretim, MBR Ar\u0131tma, MBBR Ar\u0131tma Sistemleri<\/title>\n<meta name=\"description\" content=\"Paket ar\u0131tma \u00fcretim, MBR ar\u0131tma ve MBBR ar\u0131tma sistemleri, y\u00fcksek verimli, kompakt ve s\u00fcrd\u00fcr\u00fclebilir su ar\u0131tma \u00e7\u00f6z\u00fcmleri sunar. Kataloglar\" \/>\n<meta name=\"robots\" content=\"index, follow, max-snippet:-1, max-image-preview:large, max-video-preview:-1\" \/>\n<link rel=\"canonical\" href=\"https:\/\/arsistek.com\/ar\/paket-aritma-uretim\/\" \/>\n<meta property=\"og:locale\" content=\"ar_AR\" \/>\n<meta property=\"og:type\" content=\"article\" \/>\n<meta property=\"og:title\" content=\"Kataloglar\" \/>\n<meta property=\"og:description\" content=\"Paket ar\u0131tma \u00fcretim, MBR ar\u0131tma ve MBBR ar\u0131tma sistemleri, y\u00fcksek verimli, kompakt ve s\u00fcrd\u00fcr\u00fclebilir su ar\u0131tma \u00e7\u00f6z\u00fcmleri sunar. Kataloglar\" \/>\n<meta property=\"og:url\" content=\"https:\/\/arsistek.com\/ar\/paket-aritma-uretim\/\" \/>\n<meta property=\"og:site_name\" content=\"Arsistek Ar\u0131tma A.\u015e\" \/>\n<meta property=\"article:publisher\" content=\"https:\/\/www.facebook.com\/arsistekaritma\" \/>\n<meta property=\"article:modified_time\" content=\"2025-11-07T11:07:17+00:00\" \/>\n<meta property=\"og:image\" content=\"https:\/\/arsistek.com\/wp-content\/uploads\/2025\/09\/07.jpeg\" \/>\n\t<meta property=\"og:image:width\" content=\"900\" \/>\n\t<meta property=\"og:image:height\" content=\"450\" \/>\n\t<meta property=\"og:image:type\" content=\"image\/jpeg\" \/>\n<meta name=\"twitter:card\" content=\"summary_large_image\" \/>\n<meta name=\"twitter:site\" content=\"@arsistek\" \/>\n<meta name=\"twitter:label1\" content=\"\u0648\u0642\u062a \u0627\u0644\u0642\u0631\u0627\u0621\u0629 \u0627\u0644\u0645\u064f\u0642\u062f\u0651\u0631\" \/>\n\t<meta name=\"twitter:data1\" content=\"\u062f\u0642\u064a\u0642\u0629 \u0648\u0627\u062d\u062f\u0629\" \/>\n<script type=\"application\/ld+json\" class=\"yoast-schema-graph\">{\"@context\":\"https:\/\/schema.org\",\"@graph\":[{\"@type\":\"WebPage\",\"@id\":\"https:\/\/arsistek.com\/paket-aritma-uretim\/\",\"url\":\"https:\/\/arsistek.com\/paket-aritma-uretim\/\",\"name\":\"Paket Ar\u0131tma \u00dcretim, MBR Ar\u0131tma, MBBR Ar\u0131tma Sistemleri\",\"isPartOf\":{\"@id\":\"https:\/\/arsistek.com\/#website\"},\"datePublished\":\"2025-11-07T08:23:25+00:00\",\"dateModified\":\"2025-11-07T11:07:17+00:00\",\"description\":\"Paket ar\u0131tma \u00fcretim, MBR ar\u0131tma ve MBBR ar\u0131tma sistemleri, y\u00fcksek verimli, kompakt ve s\u00fcrd\u00fcr\u00fclebilir su ar\u0131tma \u00e7\u00f6z\u00fcmleri sunar. Kataloglar\",\"breadcrumb\":{\"@id\":\"https:\/\/arsistek.com\/paket-aritma-uretim\/#breadcrumb\"},\"inLanguage\":\"ar\",\"potentialAction\":[{\"@type\":\"ReadAction\",\"target\":[\"https:\/\/arsistek.com\/paket-aritma-uretim\/\"]}]},{\"@type\":\"BreadcrumbList\",\"@id\":\"https:\/\/arsistek.com\/paket-aritma-uretim\/#breadcrumb\",\"itemListElement\":[{\"@type\":\"ListItem\",\"position\":1,\"name\":\"Anasayfa\",\"item\":\"https:\/\/arsistek.com\/\"},{\"@type\":\"ListItem\",\"position\":2,\"name\":\"Kataloglar\"}]},{\"@type\":\"WebSite\",\"@id\":\"https:\/\/arsistek.com\/#website\",\"url\":\"https:\/\/arsistek.com\/\",\"name\":\"Arsistek Ar\u0131tma A.\u015e\",\"description\":\"Paket Ar\u0131tma, MBR ve MBBR At\u0131ksu Ar\u0131tma\",\"publisher\":{\"@id\":\"https:\/\/arsistek.com\/#organization\"},\"potentialAction\":[{\"@type\":\"SearchAction\",\"target\":{\"@type\":\"EntryPoint\",\"urlTemplate\":\"https:\/\/arsistek.com\/?s={search_term_string}\"},\"query-input\":{\"@type\":\"PropertyValueSpecification\",\"valueRequired\":true,\"valueName\":\"search_term_string\"}}],\"inLanguage\":\"ar\"},{\"@type\":\"Organization\",\"@id\":\"https:\/\/arsistek.com\/#organization\",\"name\":\"Arsistek Ar\u0131tma A.\u015e\",\"url\":\"https:\/\/arsistek.com\/\",\"logo\":{\"@type\":\"ImageObject\",\"inLanguage\":\"ar\",\"@id\":\"https:\/\/arsistek.com\/#\/schema\/logo\/image\/\",\"url\":\"https:\/\/arsistek.com\/wp-content\/uploads\/2025\/08\/logo-arsistek.svg\",\"contentUrl\":\"https:\/\/arsistek.com\/wp-content\/uploads\/2025\/08\/logo-arsistek.svg\",\"width\":\"1024\",\"height\":\"1024\",\"caption\":\"Arsistek Ar\u0131tma A.\u015e\"},\"image\":{\"@id\":\"https:\/\/arsistek.com\/#\/schema\/logo\/image\/\"},\"sameAs\":[\"https:\/\/www.facebook.com\/arsistekaritma\",\"https:\/\/x.com\/arsistek\",\"https:\/\/tr.linkedin.com\/company\/arsistekas\"],\"description\":\"Paket Ar\u0131tma, Kompakt ve Mobil at\u0131ksu ar\u0131tma sistemleri, kum ve karbon filtrasyon sistemleri, uv dezenfeksiyon sistemleri imal ediyoruz. Irak, Libya, Azerbaycan \u00fclkelerinde \u00e7al\u0131\u015fmalar y\u00fcr\u00fct\u00fcyoruz.\",\"email\":\"info@arsistek.com\",\"telephone\":\"+90 312 394 67 92\",\"legalName\":\"Arsistek Ar\u0131tma Sistemleri Sanayi ve Ticaret A.\u015e\",\"foundingDate\":\"2014-08-10\",\"numberOfEmployees\":{\"@type\":\"QuantitativeValue\",\"value\":\"50\"}}]}<\/script>\n<!-- \/ Yoast SEO Premium plugin. -->","yoast_head_json":{"title":"Paket Ar\u0131tma \u00dcretim, MBR Ar\u0131tma, MBBR Ar\u0131tma Sistemleri","description":"Paket ar\u0131tma \u00fcretim, MBR ar\u0131tma ve MBBR ar\u0131tma sistemleri, y\u00fcksek verimli, kompakt ve s\u00fcrd\u00fcr\u00fclebilir su ar\u0131tma \u00e7\u00f6z\u00fcmleri sunar. Kataloglar","robots":{"index":"index","follow":"follow","max-snippet":"max-snippet:-1","max-image-preview":"max-image-preview:large","max-video-preview":"max-video-preview:-1"},"canonical":"https:\/\/arsistek.com\/ar\/paket-aritma-uretim\/","og_locale":"ar_AR","og_type":"article","og_title":"Kataloglar","og_description":"Paket ar\u0131tma \u00fcretim, MBR ar\u0131tma ve MBBR ar\u0131tma sistemleri, y\u00fcksek verimli, kompakt ve s\u00fcrd\u00fcr\u00fclebilir su ar\u0131tma \u00e7\u00f6z\u00fcmleri sunar. Kataloglar","og_url":"https:\/\/arsistek.com\/ar\/paket-aritma-uretim\/","og_site_name":"Arsistek Ar\u0131tma A.\u015e","article_publisher":"https:\/\/www.facebook.com\/arsistekaritma","article_modified_time":"2025-11-07T11:07:17+00:00","og_image":[{"width":900,"height":450,"url":"https:\/\/arsistek.com\/wp-content\/uploads\/2025\/09\/07.jpeg","type":"image\/jpeg"}],"twitter_card":"summary_large_image","twitter_site":"@arsistek","twitter_misc":{"\u0648\u0642\u062a \u0627\u0644\u0642\u0631\u0627\u0621\u0629 \u0627\u0644\u0645\u064f\u0642\u062f\u0651\u0631":"\u062f\u0642\u064a\u0642\u0629 \u0648\u0627\u062d\u062f\u0629"},"schema":{"@context":"https:\/\/schema.org","@graph":[{"@type":"WebPage","@id":"https:\/\/arsistek.com\/paket-aritma-uretim\/","url":"https:\/\/arsistek.com\/paket-aritma-uretim\/","name":"Paket Ar\u0131tma \u00dcretim, MBR Ar\u0131tma, MBBR Ar\u0131tma Sistemleri","isPartOf":{"@id":"https:\/\/arsistek.com\/#website"},"datePublished":"2025-11-07T08:23:25+00:00","dateModified":"2025-11-07T11:07:17+00:00","description":"Paket ar\u0131tma \u00fcretim, MBR ar\u0131tma ve MBBR ar\u0131tma sistemleri, y\u00fcksek verimli, kompakt ve s\u00fcrd\u00fcr\u00fclebilir su ar\u0131tma \u00e7\u00f6z\u00fcmleri sunar. Kataloglar","breadcrumb":{"@id":"https:\/\/arsistek.com\/paket-aritma-uretim\/#breadcrumb"},"inLanguage":"ar","potentialAction":[{"@type":"ReadAction","target":["https:\/\/arsistek.com\/paket-aritma-uretim\/"]}]},{"@type":"BreadcrumbList","@id":"https:\/\/arsistek.com\/paket-aritma-uretim\/#breadcrumb","itemListElement":[{"@type":"ListItem","position":1,"name":"Anasayfa","item":"https:\/\/arsistek.com\/"},{"@type":"ListItem","position":2,"name":"Kataloglar"}]},{"@type":"WebSite","@id":"https:\/\/arsistek.com\/#website","url":"https:\/\/arsistek.com\/","name":"Arsistek Ar\u0131tma A.\u015e","description":"Paket Ar\u0131tma, MBR ve MBBR At\u0131ksu Ar\u0131tma","publisher":{"@id":"https:\/\/arsistek.com\/#organization"},"potentialAction":[{"@type":"SearchAction","target":{"@type":"EntryPoint","urlTemplate":"https:\/\/arsistek.com\/?s={search_term_string}"},"query-input":{"@type":"PropertyValueSpecification","valueRequired":true,"valueName":"search_term_string"}}],"inLanguage":"ar"},{"@type":"Organization","@id":"https:\/\/arsistek.com\/#organization","name":"Arsistek Ar\u0131tma A.\u015e","url":"https:\/\/arsistek.com\/","logo":{"@type":"ImageObject","inLanguage":"ar","@id":"https:\/\/arsistek.com\/#\/schema\/logo\/image\/","url":"https:\/\/arsistek.com\/wp-content\/uploads\/2025\/08\/logo-arsistek.svg","contentUrl":"https:\/\/arsistek.com\/wp-content\/uploads\/2025\/08\/logo-arsistek.svg","width":"1024","height":"1024","caption":"Arsistek Ar\u0131tma A.\u015e"},"image":{"@id":"https:\/\/arsistek.com\/#\/schema\/logo\/image\/"},"sameAs":["https:\/\/www.facebook.com\/arsistekaritma","https:\/\/x.com\/arsistek","https:\/\/tr.linkedin.com\/company\/arsistekas"],"description":"Paket Ar\u0131tma, Kompakt ve Mobil at\u0131ksu ar\u0131tma sistemleri, kum ve karbon filtrasyon sistemleri, uv dezenfeksiyon sistemleri imal ediyoruz. Irak, Libya, Azerbaycan \u00fclkelerinde \u00e7al\u0131\u015fmalar y\u00fcr\u00fct\u00fcyoruz.","email":"info@arsistek.com","telephone":"+90 312 394 67 92","legalName":"Arsistek Ar\u0131tma Sistemleri Sanayi ve Ticaret A.\u015e","foundingDate":"2014-08-10","numberOfEmployees":{"@type":"QuantitativeValue","value":"50"}}]}},"_links":{"self":[{"href":"https:\/\/arsistek.com\/ar\/wp-json\/wp\/v2\/pages\/11665","targetHints":{"allow":["GET"]}}],"collection":[{"href":"https:\/\/arsistek.com\/ar\/wp-json\/wp\/v2\/pages"}],"about":[{"href":"https:\/\/arsistek.com\/ar\/wp-json\/wp\/v2\/types\/page"}],"author":[{"embeddable":true,"href":"https:\/\/arsistek.com\/ar\/wp-json\/wp\/v2\/users\/1"}],"replies":[{"embeddable":true,"href":"https:\/\/arsistek.com\/ar\/wp-json\/wp\/v2\/comments?post=11665"}],"version-history":[{"count":47,"href":"https:\/\/arsistek.com\/ar\/wp-json\/wp\/v2\/pages\/11665\/revisions"}],"predecessor-version":[{"id":11722,"href":"https:\/\/arsistek.com\/ar\/wp-json\/wp\/v2\/pages\/11665\/revisions\/11722"}],"wp:attachment":[{"href":"https:\/\/arsistek.com\/ar\/wp-json\/wp\/v2\/media?parent=11665"}],"curies":[{"name":"wp","href":"https:\/\/api.w.org\/{rel}","templated":true}]}}