{"id":9787,"date":"2025-09-10T12:00:01","date_gmt":"2025-09-10T12:00:01","guid":{"rendered":"https:\/\/arsistek.net\/?page_id=9787"},"modified":"2025-10-30T06:45:49","modified_gmt":"2025-10-30T06:45:49","slug":"aritma-tesisi-isletme-hizmetleri","status":"publish","type":"page","link":"https:\/\/arsistek.com\/ar\/hizmetler\/aritma-tesisi-isletme-hizmetleri\/","title":{"rendered":"Ar\u0131tma Tesisi \u0130\u015fletme Hizmetleri"},"content":{"rendered":"<section class=\"l-section wpb_row height_large color_primary\"><div class=\"l-section-overlay\" style=\"background:var(--color-content-secondary-grad, var(--color-content-secondary) )\"><\/div><div class=\"l-section-h i-cf\"><div class=\"g-cols vc_row via_grid cols_1 laptops-cols_inherit tablets-cols_inherit mobiles-cols_1 valign_top type_default stacking_default\"><div class=\"wpb_column vc_column_container\"><div class=\"vc_column-inner\"><h1 class=\"w-post-elm post_title us_custom_9763f552 entry-title color_link_inherit\">Ar\u0131tma Tesisi \u0130\u015fletme Hizmetleri<\/h1><div class=\"w-html\"><span><span><a href=\"https:\/\/arsistek.com\/ar\/\">Anasayfa<\/a><\/span><\/span><\/div><\/div><\/div><\/div><\/div><\/section>","protected":false},"excerpt":{"rendered":"Ar\u0131tma Tesisi \u0130\u015fletme HizmetleriAnasayfa","protected":false},"author":1,"featured_media":0,"parent":1106,"menu_order":0,"comment_status":"closed","ping_status":"closed","template":"","meta":{"_themeisle_gutenberg_block_has_review":false,"footnotes":""},"class_list":["post-9787","page","type-page","status-publish","hentry"],"yoast_head":"<!-- This site is optimized with the Yoast SEO Premium plugin v25.6 (Yoast SEO v26.4) - https:\/\/yoast.com\/wordpress\/plugins\/seo\/ -->\n<title>Ar\u0131tma Tesisi \u0130\u015fletme Hizmetleri - Arsistek Ar\u0131tma A.\u015e<\/title>\n<meta name=\"robots\" content=\"index, follow, max-snippet:-1, max-image-preview:large, max-video-preview:-1\" \/>\n<link rel=\"canonical\" href=\"https:\/\/arsistek.com\/ar\/hizmetler\/aritma-tesisi-isletme-hizmetleri\/\" \/>\n<meta property=\"og:locale\" content=\"ar_AR\" \/>\n<meta property=\"og:type\" content=\"article\" \/>\n<meta property=\"og:title\" content=\"Ar\u0131tma Tesisi \u0130\u015fletme Hizmetleri\" \/>\n<meta property=\"og:url\" content=\"https:\/\/arsistek.com\/ar\/hizmetler\/aritma-tesisi-isletme-hizmetleri\/\" \/>\n<meta property=\"og:site_name\" content=\"Arsistek Ar\u0131tma A.\u015e\" \/>\n<meta property=\"article:publisher\" content=\"https:\/\/www.facebook.com\/arsistekaritma\" \/>\n<meta property=\"article:modified_time\" content=\"2025-10-30T06:45:49+00:00\" \/>\n<meta property=\"og:image\" content=\"https:\/\/arsistek.com\/wp-content\/uploads\/2025\/09\/07.jpeg\" \/>\n\t<meta property=\"og:image:width\" content=\"900\" \/>\n\t<meta property=\"og:image:height\" content=\"450\" \/>\n\t<meta property=\"og:image:type\" content=\"image\/jpeg\" \/>\n<meta name=\"twitter:card\" content=\"summary_large_image\" \/>\n<meta name=\"twitter:site\" content=\"@arsistek\" \/>\n<meta name=\"twitter:label1\" content=\"\u0648\u0642\u062a \u0627\u0644\u0642\u0631\u0627\u0621\u0629 \u0627\u0644\u0645\u064f\u0642\u062f\u0651\u0631\" \/>\n\t<meta name=\"twitter:data1\" content=\"\u062f\u0642\u064a\u0642\u0629 \u0648\u0627\u062d\u062f\u0629\" \/>\n<script type=\"application\/ld+json\" class=\"yoast-schema-graph\">{\"@context\":\"https:\/\/schema.org\",\"@graph\":[{\"@type\":\"WebPage\",\"@id\":\"https:\/\/arsistek.com\/hizmetler\/aritma-tesisi-isletme-hizmetleri\/\",\"url\":\"https:\/\/arsistek.com\/hizmetler\/aritma-tesisi-isletme-hizmetleri\/\",\"name\":\"Ar\u0131tma Tesisi \u0130\u015fletme Hizmetleri - Arsistek Ar\u0131tma A.\u015e\",\"isPartOf\":{\"@id\":\"https:\/\/arsistek.com\/#website\"},\"datePublished\":\"2025-09-10T12:00:01+00:00\",\"dateModified\":\"2025-10-30T06:45:49+00:00\",\"breadcrumb\":{\"@id\":\"https:\/\/arsistek.com\/hizmetler\/aritma-tesisi-isletme-hizmetleri\/#breadcrumb\"},\"inLanguage\":\"ar\",\"potentialAction\":[{\"@type\":\"ReadAction\",\"target\":[\"https:\/\/arsistek.com\/hizmetler\/aritma-tesisi-isletme-hizmetleri\/\"]}]},{\"@type\":\"BreadcrumbList\",\"@id\":\"https:\/\/arsistek.com\/hizmetler\/aritma-tesisi-isletme-hizmetleri\/#breadcrumb\",\"itemListElement\":[{\"@type\":\"ListItem\",\"position\":1,\"name\":\"Anasayfa\",\"item\":\"https:\/\/arsistek.com\/\"},{\"@type\":\"ListItem\",\"position\":2,\"name\":\"Hizmetler\",\"item\":\"https:\/\/arsistek.com\/hizmetler\/\"},{\"@type\":\"ListItem\",\"position\":3,\"name\":\"Ar\u0131tma Tesisi \u0130\u015fletme Hizmetleri\"}]},{\"@type\":\"WebSite\",\"@id\":\"https:\/\/arsistek.com\/#website\",\"url\":\"https:\/\/arsistek.com\/\",\"name\":\"Arsistek Ar\u0131tma A.\u015e\",\"description\":\"Paket Ar\u0131tma, MBR ve MBBR At\u0131ksu Ar\u0131tma\",\"publisher\":{\"@id\":\"https:\/\/arsistek.com\/#organization\"},\"potentialAction\":[{\"@type\":\"SearchAction\",\"target\":{\"@type\":\"EntryPoint\",\"urlTemplate\":\"https:\/\/arsistek.com\/?s={search_term_string}\"},\"query-input\":{\"@type\":\"PropertyValueSpecification\",\"valueRequired\":true,\"valueName\":\"search_term_string\"}}],\"inLanguage\":\"ar\"},{\"@type\":\"Organization\",\"@id\":\"https:\/\/arsistek.com\/#organization\",\"name\":\"Arsistek Ar\u0131tma A.\u015e\",\"url\":\"https:\/\/arsistek.com\/\",\"logo\":{\"@type\":\"ImageObject\",\"inLanguage\":\"ar\",\"@id\":\"https:\/\/arsistek.com\/#\/schema\/logo\/image\/\",\"url\":\"https:\/\/arsistek.com\/wp-content\/uploads\/2025\/08\/logo-arsistek.svg\",\"contentUrl\":\"https:\/\/arsistek.com\/wp-content\/uploads\/2025\/08\/logo-arsistek.svg\",\"width\":\"1024\",\"height\":\"1024\",\"caption\":\"Arsistek Ar\u0131tma A.\u015e\"},\"image\":{\"@id\":\"https:\/\/arsistek.com\/#\/schema\/logo\/image\/\"},\"sameAs\":[\"https:\/\/www.facebook.com\/arsistekaritma\",\"https:\/\/x.com\/arsistek\",\"https:\/\/tr.linkedin.com\/company\/arsistekas\"],\"description\":\"Paket Ar\u0131tma, Kompakt ve Mobil at\u0131ksu ar\u0131tma sistemleri, kum ve karbon filtrasyon sistemleri, uv dezenfeksiyon sistemleri imal ediyoruz. Irak, Libya, Azerbaycan \u00fclkelerinde \u00e7al\u0131\u015fmalar y\u00fcr\u00fct\u00fcyoruz.\",\"email\":\"info@arsistek.com\",\"telephone\":\"+90 312 394 67 92\",\"legalName\":\"Arsistek Ar\u0131tma Sistemleri Sanayi ve Ticaret A.\u015e\",\"foundingDate\":\"2014-08-10\",\"numberOfEmployees\":{\"@type\":\"QuantitativeValue\",\"value\":\"50\"}}]}<\/script>\n<!-- \/ Yoast SEO Premium plugin. -->","yoast_head_json":{"title":"Ar\u0131tma Tesisi \u0130\u015fletme Hizmetleri - Arsistek Ar\u0131tma A.\u015e","robots":{"index":"index","follow":"follow","max-snippet":"max-snippet:-1","max-image-preview":"max-image-preview:large","max-video-preview":"max-video-preview:-1"},"canonical":"https:\/\/arsistek.com\/ar\/hizmetler\/aritma-tesisi-isletme-hizmetleri\/","og_locale":"ar_AR","og_type":"article","og_title":"Ar\u0131tma Tesisi \u0130\u015fletme Hizmetleri","og_url":"https:\/\/arsistek.com\/ar\/hizmetler\/aritma-tesisi-isletme-hizmetleri\/","og_site_name":"Arsistek Ar\u0131tma A.\u015e","article_publisher":"https:\/\/www.facebook.com\/arsistekaritma","article_modified_time":"2025-10-30T06:45:49+00:00","og_image":[{"width":900,"height":450,"url":"https:\/\/arsistek.com\/wp-content\/uploads\/2025\/09\/07.jpeg","type":"image\/jpeg"}],"twitter_card":"summary_large_image","twitter_site":"@arsistek","twitter_misc":{"\u0648\u0642\u062a \u0627\u0644\u0642\u0631\u0627\u0621\u0629 \u0627\u0644\u0645\u064f\u0642\u062f\u0651\u0631":"\u062f\u0642\u064a\u0642\u0629 \u0648\u0627\u062d\u062f\u0629"},"schema":{"@context":"https:\/\/schema.org","@graph":[{"@type":"WebPage","@id":"https:\/\/arsistek.com\/hizmetler\/aritma-tesisi-isletme-hizmetleri\/","url":"https:\/\/arsistek.com\/hizmetler\/aritma-tesisi-isletme-hizmetleri\/","name":"Ar\u0131tma Tesisi \u0130\u015fletme Hizmetleri - Arsistek Ar\u0131tma A.\u015e","isPartOf":{"@id":"https:\/\/arsistek.com\/#website"},"datePublished":"2025-09-10T12:00:01+00:00","dateModified":"2025-10-30T06:45:49+00:00","breadcrumb":{"@id":"https:\/\/arsistek.com\/hizmetler\/aritma-tesisi-isletme-hizmetleri\/#breadcrumb"},"inLanguage":"ar","potentialAction":[{"@type":"ReadAction","target":["https:\/\/arsistek.com\/hizmetler\/aritma-tesisi-isletme-hizmetleri\/"]}]},{"@type":"BreadcrumbList","@id":"https:\/\/arsistek.com\/hizmetler\/aritma-tesisi-isletme-hizmetleri\/#breadcrumb","itemListElement":[{"@type":"ListItem","position":1,"name":"Anasayfa","item":"https:\/\/arsistek.com\/"},{"@type":"ListItem","position":2,"name":"Hizmetler","item":"https:\/\/arsistek.com\/hizmetler\/"},{"@type":"ListItem","position":3,"name":"Ar\u0131tma Tesisi \u0130\u015fletme Hizmetleri"}]},{"@type":"WebSite","@id":"https:\/\/arsistek.com\/#website","url":"https:\/\/arsistek.com\/","name":"Arsistek Ar\u0131tma A.\u015e","description":"Paket Ar\u0131tma, MBR ve MBBR At\u0131ksu Ar\u0131tma","publisher":{"@id":"https:\/\/arsistek.com\/#organization"},"potentialAction":[{"@type":"SearchAction","target":{"@type":"EntryPoint","urlTemplate":"https:\/\/arsistek.com\/?s={search_term_string}"},"query-input":{"@type":"PropertyValueSpecification","valueRequired":true,"valueName":"search_term_string"}}],"inLanguage":"ar"},{"@type":"Organization","@id":"https:\/\/arsistek.com\/#organization","name":"Arsistek Ar\u0131tma A.\u015e","url":"https:\/\/arsistek.com\/","logo":{"@type":"ImageObject","inLanguage":"ar","@id":"https:\/\/arsistek.com\/#\/schema\/logo\/image\/","url":"https:\/\/arsistek.com\/wp-content\/uploads\/2025\/08\/logo-arsistek.svg","contentUrl":"https:\/\/arsistek.com\/wp-content\/uploads\/2025\/08\/logo-arsistek.svg","width":"1024","height":"1024","caption":"Arsistek Ar\u0131tma A.\u015e"},"image":{"@id":"https:\/\/arsistek.com\/#\/schema\/logo\/image\/"},"sameAs":["https:\/\/www.facebook.com\/arsistekaritma","https:\/\/x.com\/arsistek","https:\/\/tr.linkedin.com\/company\/arsistekas"],"description":"Paket Ar\u0131tma, Kompakt ve Mobil at\u0131ksu ar\u0131tma sistemleri, kum ve karbon filtrasyon sistemleri, uv dezenfeksiyon sistemleri imal ediyoruz. Irak, Libya, Azerbaycan \u00fclkelerinde \u00e7al\u0131\u015fmalar y\u00fcr\u00fct\u00fcyoruz.","email":"info@arsistek.com","telephone":"+90 312 394 67 92","legalName":"Arsistek Ar\u0131tma Sistemleri Sanayi ve Ticaret A.\u015e","foundingDate":"2014-08-10","numberOfEmployees":{"@type":"QuantitativeValue","value":"50"}}]}},"_links":{"self":[{"href":"https:\/\/arsistek.com\/ar\/wp-json\/wp\/v2\/pages\/9787","targetHints":{"allow":["GET"]}}],"collection":[{"href":"https:\/\/arsistek.com\/ar\/wp-json\/wp\/v2\/pages"}],"about":[{"href":"https:\/\/arsistek.com\/ar\/wp-json\/wp\/v2\/types\/page"}],"author":[{"embeddable":true,"href":"https:\/\/arsistek.com\/ar\/wp-json\/wp\/v2\/users\/1"}],"replies":[{"embeddable":true,"href":"https:\/\/arsistek.com\/ar\/wp-json\/wp\/v2\/comments?post=9787"}],"version-history":[{"count":3,"href":"https:\/\/arsistek.com\/ar\/wp-json\/wp\/v2\/pages\/9787\/revisions"}],"predecessor-version":[{"id":11078,"href":"https:\/\/arsistek.com\/ar\/wp-json\/wp\/v2\/pages\/9787\/revisions\/11078"}],"up":[{"embeddable":true,"href":"https:\/\/arsistek.com\/ar\/wp-json\/wp\/v2\/pages\/1106"}],"wp:attachment":[{"href":"https:\/\/arsistek.com\/ar\/wp-json\/wp\/v2\/media?parent=9787"}],"curies":[{"name":"wp","href":"https:\/\/api.w.org\/{rel}","templated":true}]}}