{"id":12307,"date":"2025-11-18T14:25:04","date_gmt":"2025-11-18T14:25:04","guid":{"rendered":"https:\/\/arsistek.com\/?page_id=12307"},"modified":"2025-11-27T13:17:39","modified_gmt":"2025-11-27T13:17:39","slug":"akis-kontrol-ekipmanlari","status":"publish","type":"page","link":"https:\/\/arsistek.com\/ru\/hizmetler\/uretim\/akis-kontrol-ekipmanlari\/","title":{"rendered":"Ak\u0131\u015f Kontrol Ekipmanlar\u0131"},"content":{"rendered":"<section class=\"l-section wpb_row height_large color_primary with_img\"><div class=\"l-section-img\" role=\"img\" aria-label=\"\u00dcretim Kaynak Ar\u0131tma\" data-img-width=\"2500\" data-img-height=\"1666\" style=\"background-image: url(https:\/\/arsistek.com\/wp-content\/uploads\/2025\/11\/uretim-kaynak.webp);\"><\/div><div class=\"l-section-overlay\" style=\"background:rgba(33,47,85,0.72)\"><\/div><div class=\"l-section-h i-cf\"><div class=\"g-cols vc_row via_grid cols_2 laptops-cols_inherit tablets-cols_inherit mobiles-cols_1 valign_top type_default stacking_default\"><div class=\"wpb_column vc_column_container\"><div class=\"vc_column-inner\"><h1 class=\"w-post-elm post_title us_custom_9763f552 entry-title color_link_inherit\">Ak\u0131\u015f Kontrol Ekipmanlar\u0131<\/h1><div class=\"w-html\"><span><span><a href=\"https:\/\/arsistek.com\/ru\/\">Anasayfa<\/a><\/span><\/span><\/div><\/div><\/div><div class=\"wpb_column vc_column_container\"><div class=\"vc_column-inner\"><div class=\"w-image us_custom_447bff20 align_center\"><div class=\"w-image-h\"><img decoding=\"async\" width=\"500\" height=\"50\" src=\"https:\/\/arsistek.com\/wp-content\/uploads\/2025\/11\/arsistek-uyelikler-banner.png\" class=\"attachment-full size-full\" alt=\"Arsistek \u00dcyelikler\" loading=\"lazy\" srcset=\"https:\/\/arsistek.com\/wp-content\/uploads\/2025\/11\/arsistek-uyelikler-banner.png 500w, https:\/\/arsistek.com\/wp-content\/uploads\/2025\/11\/arsistek-uyelikler-banner-300x30.png 300w, https:\/\/arsistek.com\/wp-content\/uploads\/2025\/11\/arsistek-uyelikler-banner-18x2.png 18w, https:\/\/arsistek.com\/wp-content\/uploads\/2025\/11\/arsistek-uyelikler-banner-200x20.png 200w, https:\/\/arsistek.com\/wp-content\/uploads\/2025\/11\/arsistek-uyelikler-banner-400x40.png 400w\" sizes=\"auto, (max-width: 500px) 100vw, 500px\" \/><\/div><\/div><\/div><\/div><\/div><\/div><\/section><section class=\"l-section wpb_row height_small\"><div class=\"l-section-h i-cf\"><div class=\"g-cols vc_row via_grid cols_2 laptops-cols_inherit tablets-cols_inherit mobiles-cols_1 valign_top type_default stacking_default\"><div class=\"wpb_column vc_column_container\"><div class=\"vc_column-inner\"><div class=\"w-btn-wrapper align_justify\"><a class=\"w-btn us-btn-style_31 icon_atleft\" href=\"\/ru\/hizmetler\/uretim\/\"><i class=\"fas fa-question-circle\"><\/i><span class=\"w-btn-label\">T\u00dcM \u00dcR\u00dcNLER<\/span><\/a><\/div><\/div><\/div><div class=\"wpb_column vc_column_container\"><div class=\"vc_column-inner\"><div class=\"w-btn-wrapper align_justify\"><a class=\"w-btn us-btn-style_32 icon_atleft\" href=\"\/ru\/iletisim\/\"><i class=\"fas fa-external-link\"><\/i><span class=\"w-btn-label\">TEKL\u0130F TALEB\u0130<\/span><\/a><\/div><\/div><\/div><\/div><\/div><\/section><section class=\"l-section wpb_row height_small\"><div class=\"l-section-h i-cf\"><div class=\"g-cols vc_row via_grid cols_4 laptops-cols_inherit tablets-cols_inherit mobiles-cols_1 valign_top type_default stacking_default\"><div class=\"wpb_column vc_column_container\"><div class=\"vc_column-inner\"><div class=\"w-ibanner us_custom_803c1154 has_text_color animation_phorcys ratio_1x1 easing_ease\"><a href=\"\/ru\/hizmetler\/uretim\/akis-kontrol-ekipmanlari\/penstok-kapaklar\/\" aria-label=\"PENSTOK VE SAVAK KAPAKLARI\"><\/a><div class=\"w-ibanner-h\"><div class=\"w-ibanner-image\" style=\"background-image: url(https:\/\/arsistek.com\/wp-content\/uploads\/2025\/11\/penstok-kapaklar.jpg)\"><\/div><div class=\"w-ibanner-content\"><div class=\"w-ibanner-content-h\"><h4 class=\"w-ibanner-title\" style=\"font-size:18px;\">PENSTOK VE SAVAK KAPAKLARI<\/h4><div class=\"w-ibanner-desc\"><p>Penstok ve Savak Kapaklar\u0131<\/p>\n<\/div><\/div><\/div><\/div><\/div><div class=\"w-separator size_custom\" style=\"height:10px\"><\/div><div class=\"w-btn-wrapper align_justify\"><a class=\"w-btn us-btn-style_28 icon_atleft\" href=\"\/ru\/hizmetler\/uretim\/akis-kontrol-ekipmanlari\/penstok-kapaklar\/\"><i class=\"fas fa-question-circle\"><\/i><span class=\"w-btn-label\">\u00dcR\u00dcN\u00dc \u0130NCELE<\/span><\/a><\/div><\/div><\/div><div class=\"wpb_column vc_column_container\"><div class=\"vc_column-inner\"><div class=\"w-ibanner us_custom_803c1154 has_text_color animation_phorcys ratio_1x1 easing_ease\"><a href=\"\/ru\/hizmetler\/uretim\/akis-kontrol-ekipmanlari\/stop-loglar\/\" aria-label=\"STOP LOGLAR\"><\/a><div class=\"w-ibanner-h\"><div class=\"w-ibanner-image\" style=\"background-image: url(https:\/\/arsistek.com\/wp-content\/uploads\/2025\/11\/stoplogs.jpg)\"><\/div><div class=\"w-ibanner-content\"><div class=\"w-ibanner-content-h\"><h4 class=\"w-ibanner-title\" style=\"font-size:18px;\">STOP LOGLAR<\/h4><div class=\"w-ibanner-desc\"><p>Stop Loglar<\/p>\n<\/div><\/div><\/div><\/div><\/div><div class=\"w-separator size_custom\" style=\"height:10px\"><\/div><div class=\"w-btn-wrapper align_justify\"><a class=\"w-btn us-btn-style_28 icon_atleft\" href=\"\/ru\/hizmetler\/uretim\/akis-kontrol-ekipmanlari\/stop-loglar\/\"><i class=\"fas fa-question-circle\"><\/i><span class=\"w-btn-label\">\u00dcR\u00dcN\u00dc \u0130NCELE<\/span><\/a><\/div><\/div><\/div><div class=\"wpb_column vc_column_container\"><div class=\"vc_column-inner\"><div class=\"w-ibanner us_custom_803c1154 has_text_color animation_phorcys ratio_1x1 easing_ease\"><a href=\"\/ru\/hizmetler\/uretim\/akis-kontrol-ekipmanlari\/teleskopik-vanalar\/\" aria-label=\"TELESKOP\u0130K VANALAR\"><\/a><div class=\"w-ibanner-h\"><div class=\"w-ibanner-image\" style=\"background-image: url(https:\/\/arsistek.com\/wp-content\/uploads\/2025\/11\/gorsel-hazirlaniyor.png)\"><\/div><div class=\"w-ibanner-content\"><div class=\"w-ibanner-content-h\"><h4 class=\"w-ibanner-title\" style=\"font-size:18px;\">TELESKOP\u0130K VANALAR<\/h4><div class=\"w-ibanner-desc\"><p>Teleskopik Vanalar<\/p>\n<\/div><\/div><\/div><\/div><\/div><div class=\"w-separator size_custom\" style=\"height:10px\"><\/div><div class=\"w-btn-wrapper align_justify\"><a class=\"w-btn us-btn-style_28 icon_atleft\" href=\"\/ru\/hizmetler\/uretim\/akis-kontrol-ekipmanlari\/teleskopik-vanalar\/\"><i class=\"fas fa-question-circle\"><\/i><span class=\"w-btn-label\">\u00dcR\u00dcN\u00dc \u0130NCELE<\/span><\/a><\/div><\/div><\/div><div class=\"wpb_column vc_column_container\"><div class=\"vc_column-inner\"><div class=\"w-ibanner us_custom_803c1154 has_text_color animation_phorcys ratio_1x1 easing_ease\"><div class=\"w-ibanner-h\"><div class=\"w-ibanner-image\" style=\"background-image: url(https:\/\/arsistek.com\/wp-content\/uploads\/2025\/11\/gorsel-hazirlaniyor.png)\"><\/div><div class=\"w-ibanner-content\"><div class=\"w-ibanner-content-h\"><h4 class=\"w-ibanner-title\" style=\"font-size:18px;\">D\u0130\u011eER EK\u0130PMANLARR<\/h4><div class=\"w-ibanner-desc\"><p>Filtre Pres, Belt Pres,<\/p>\n<\/div><\/div><\/div><\/div><\/div><div class=\"w-separator size_custom\" style=\"height:10px\"><\/div><div class=\"w-btn-wrapper align_justify\"><a class=\"w-btn us-btn-style_28 icon_atleft\" href=\"\/ru\/hizmetler\/uretim\/on-aritma-ekipmanlari\/\"><i class=\"fas fa-question-circle\"><\/i><span class=\"w-btn-label\">\u00dcR\u00dcN\u00dc \u0130NCELE<\/span><\/a><\/div><\/div><\/div><\/div><\/div><\/section><section class=\"l-section wpb_row height_small\"><div class=\"l-section-h i-cf\"><div class=\"g-cols vc_row via_grid cols_2 laptops-cols_inherit tablets-cols_inherit mobiles-cols_1 valign_top type_default stacking_default\"><div class=\"wpb_column vc_column_container\"><div class=\"vc_column-inner\"><div class=\"w-btn-wrapper align_justify\"><a class=\"w-btn us-btn-style_31 icon_atleft\" href=\"\/ru\/hizmetler\/uretim\/\"><i class=\"fas fa-question-circle\"><\/i><span class=\"w-btn-label\">T\u00dcM \u00dcR\u00dcNLER<\/span><\/a><\/div><\/div><\/div><div class=\"wpb_column vc_column_container\"><div class=\"vc_column-inner\"><div class=\"w-btn-wrapper align_justify\"><a class=\"w-btn us-btn-style_32 icon_atleft\" href=\"\/ru\/iletisim\/\"><i class=\"fas fa-external-link\"><\/i><span class=\"w-btn-label\">TEKL\u0130F TALEB\u0130<\/span><\/a><\/div><\/div><\/div><\/div><\/div><\/section><section class=\"l-section wpb_row height_small\"><div class=\"l-section-h i-cf\"><div class=\"g-cols vc_row via_grid cols_1 laptops-cols_inherit tablets-cols_inherit mobiles-cols_1 valign_top type_default stacking_default\"><div class=\"wpb_column vc_column_container\"><div class=\"vc_column-inner\"><div class=\"w-sharing type_solid align_center color_primary\"><div class=\"w-sharing-list\" data-content-image=\"true\"><a class=\"w-sharing-item email\" href=\"mailto:?subject=Ak\u0131\u015f Kontrol Ekipmanlar\u0131&amp;body=https:\/\/arsistek.com\/ru\/wp-json\/wp\/v2\/pages\/12307\" title=\"\u041e\u0442\u043f\u0440\u0430\u0432\u0438\u0442\u044c \u043d\u0430 \u043f\u043e\u0447\u0442\u0443\" aria-label=\"\u041e\u0442\u043f\u0440\u0430\u0432\u0438\u0442\u044c \u043d\u0430 \u043f\u043e\u0447\u0442\u0443\"><i class=\"fas fa-envelope\"><\/i><\/a><a class=\"w-sharing-item facebook\" href=\"https:\/\/www.facebook.com\/sharer\/sharer.php?u=https:\/\/arsistek.com\/ru\/wp-json\/wp\/v2\/pages\/12307&amp;quote=Ak\u0131\u015f Kontrol Ekipmanlar\u0131\" title=\"\u041f\u043e\u0434\u0435\u043b\u0438\u0442\u044c\u0441\u044f\" aria-label=\"\u041f\u043e\u0434\u0435\u043b\u0438\u0442\u044c\u0441\u044f\" onclick=\"window.open(this.href, &quot;facebook&quot;, &quot;toolbar=0,width=900,height=500&quot;); return false;\"><i class=\"fab fa-facebook\"><\/i><\/a><a class=\"w-sharing-item twitter\" href=\"https:\/\/twitter.com\/intent\/tweet?text=Ak\u0131\u015f Kontrol Ekipmanlar\u0131&amp;url=https:\/\/arsistek.com\/ru\/wp-json\/wp\/v2\/pages\/12307\" title=\"\u041f\u043e\u0434\u0435\u043b\u0438\u0442\u044c\u0441\u044f\" aria-label=\"\u041f\u043e\u0434\u0435\u043b\u0438\u0442\u044c\u0441\u044f\" onclick=\"window.open(this.href, &quot;twitter&quot;, &quot;toolbar=0,width=650,height=360&quot;); return false;\"><i class=\"fab fa-x-twitter\"><svg style=\"width:1em; margin-bottom:-.1em;\" xmlns=\"http:\/\/www.w3.org\/2000\/svg\" viewbox=\"0 0 512 512\" role=\"presentation\"><path fill=\"currentColor\" d=\"M389.2 48h70.6L305.6 224.2 487 464H345L233.7 318.6 106.5 464H35.8L200.7 275.5 26.8 48H172.4L272.9 180.9 389.2 48zM364.4 421.8h39.1L151.1 88h-42L364.4 421.8z\"\/><\/svg><\/i><\/a><a class=\"w-sharing-item linkedin\" href=\"https:\/\/www.linkedin.com\/shareArticle?mini=true&amp;url=https:\/\/arsistek.com\/ru\/wp-json\/wp\/v2\/pages\/12307\" title=\"\u041f\u043e\u0434\u0435\u043b\u0438\u0442\u044c\u0441\u044f\" aria-label=\"\u041f\u043e\u0434\u0435\u043b\u0438\u0442\u044c\u0441\u044f\" onclick=\"window.open(this.href, &quot;linkedin&quot;, &quot;toolbar=no,width=550,height=550&quot;); return false;\"><i class=\"fab fa-linkedin\"><\/i><\/a><a class=\"w-sharing-item whatsapp\" href=\"https:\/\/web.whatsapp.com\/send?text=Ak\u0131\u015f Kontrol Ekipmanlar\u0131 https:\/\/arsistek.com\/ru\/wp-json\/wp\/v2\/pages\/12307\" title=\"\u041f\u043e\u0434\u0435\u043b\u0438\u0442\u044c\u0441\u044f\" aria-label=\"\u041f\u043e\u0434\u0435\u043b\u0438\u0442\u044c\u0441\u044f\" onclick=\"window.open(this.href, &quot;whatsapp&quot;, &quot;toolbar=0,width=900,height=500&quot;); return false;\"><i class=\"fab fa-whatsapp\"><\/i><\/a><\/div><\/div><\/div><\/div><\/div><\/div><\/section>","protected":false},"excerpt":{"rendered":"Ak\u0131\u015f Kontrol Ekipmanlar\u0131AnasayfaT\u00dcM \u00dcR\u00dcNLERTEKL\u0130F TALEB\u0130PENSTOK VE SAVAK KAPAKLARIPenstok ve Savak Kapaklar\u0131 \u00dcR\u00dcN\u00dc \u0130NCELESTOP LOGLARStop Loglar \u00dcR\u00dcN\u00dc \u0130NCELETELESKOP\u0130K VANALARTeleskopik Vanalar \u00dcR\u00dcN\u00dc \u0130NCELED\u0130\u011eER EK\u0130PMANLARRFiltre Pres, Belt Pres, \u00dcR\u00dcN\u00dc \u0130NCELET\u00dcM \u00dcR\u00dcNLERTEKL\u0130F TALEB\u0130","protected":false},"author":1,"featured_media":0,"parent":10327,"menu_order":0,"comment_status":"closed","ping_status":"closed","template":"","meta":{"_themeisle_gutenberg_block_has_review":false,"footnotes":""},"class_list":["post-12307","page","type-page","status-publish","hentry"],"yoast_head":"<!-- This site is optimized with the Yoast SEO Premium plugin v25.6 (Yoast SEO v26.4) - https:\/\/yoast.com\/wordpress\/plugins\/seo\/ -->\n<title>Ak\u0131\u015f Kontrol Ekipmanlar\u0131 - Arsistek Ar\u0131tma A.\u015e<\/title>\n<meta name=\"robots\" content=\"index, follow, max-snippet:-1, max-image-preview:large, max-video-preview:-1\" \/>\n<link rel=\"canonical\" href=\"https:\/\/arsistek.com\/ru\/hizmetler\/uretim\/akis-kontrol-ekipmanlari\/\" \/>\n<meta property=\"og:locale\" content=\"ru_RU\" \/>\n<meta property=\"og:type\" content=\"article\" \/>\n<meta property=\"og:title\" content=\"Ak\u0131\u015f Kontrol Ekipmanlar\u0131\" \/>\n<meta property=\"og:url\" content=\"https:\/\/arsistek.com\/ru\/hizmetler\/uretim\/akis-kontrol-ekipmanlari\/\" \/>\n<meta property=\"og:site_name\" content=\"Arsistek Ar\u0131tma A.\u015e\" \/>\n<meta property=\"article:publisher\" content=\"https:\/\/www.facebook.com\/arsistekaritma\" \/>\n<meta property=\"article:modified_time\" content=\"2025-11-27T13:17:39+00:00\" \/>\n<meta property=\"og:image\" content=\"https:\/\/arsistek.com\/wp-content\/uploads\/2025\/09\/07.jpeg\" \/>\n\t<meta property=\"og:image:width\" content=\"900\" \/>\n\t<meta property=\"og:image:height\" content=\"450\" \/>\n\t<meta property=\"og:image:type\" content=\"image\/jpeg\" \/>\n<meta name=\"twitter:card\" content=\"summary_large_image\" \/>\n<meta name=\"twitter:site\" content=\"@arsistek\" \/>\n<meta name=\"twitter:label1\" content=\"\u041f\u0440\u0438\u043c\u0435\u0440\u043d\u043e\u0435 \u0432\u0440\u0435\u043c\u044f \u0434\u043b\u044f \u0447\u0442\u0435\u043d\u0438\u044f\" \/>\n\t<meta name=\"twitter:data1\" content=\"1 \u043c\u0438\u043d\u0443\u0442\u0430\" \/>\n<script type=\"application\/ld+json\" class=\"yoast-schema-graph\">{\"@context\":\"https:\/\/schema.org\",\"@graph\":[{\"@type\":\"WebPage\",\"@id\":\"https:\/\/arsistek.com\/hizmetler\/uretim\/akis-kontrol-ekipmanlari\/\",\"url\":\"https:\/\/arsistek.com\/hizmetler\/uretim\/akis-kontrol-ekipmanlari\/\",\"name\":\"Ak\u0131\u015f Kontrol Ekipmanlar\u0131 - Arsistek Ar\u0131tma A.\u015e\",\"isPartOf\":{\"@id\":\"https:\/\/arsistek.com\/#website\"},\"datePublished\":\"2025-11-18T14:25:04+00:00\",\"dateModified\":\"2025-11-27T13:17:39+00:00\",\"breadcrumb\":{\"@id\":\"https:\/\/arsistek.com\/hizmetler\/uretim\/akis-kontrol-ekipmanlari\/#breadcrumb\"},\"inLanguage\":\"ru-RU\",\"potentialAction\":[{\"@type\":\"ReadAction\",\"target\":[\"https:\/\/arsistek.com\/hizmetler\/uretim\/akis-kontrol-ekipmanlari\/\"]}]},{\"@type\":\"BreadcrumbList\",\"@id\":\"https:\/\/arsistek.com\/hizmetler\/uretim\/akis-kontrol-ekipmanlari\/#breadcrumb\",\"itemListElement\":[{\"@type\":\"ListItem\",\"position\":1,\"name\":\"Anasayfa\",\"item\":\"https:\/\/arsistek.com\/\"},{\"@type\":\"ListItem\",\"position\":2,\"name\":\"Hizmetler\",\"item\":\"https:\/\/arsistek.com\/hizmetler\/\"},{\"@type\":\"ListItem\",\"position\":3,\"name\":\"\u00dcretim\",\"item\":\"https:\/\/arsistek.com\/hizmetler\/uretim\/\"},{\"@type\":\"ListItem\",\"position\":4,\"name\":\"Ak\u0131\u015f Kontrol Ekipmanlar\u0131\"}]},{\"@type\":\"WebSite\",\"@id\":\"https:\/\/arsistek.com\/#website\",\"url\":\"https:\/\/arsistek.com\/\",\"name\":\"Arsistek Ar\u0131tma A.\u015e\",\"description\":\"Paket Ar\u0131tma, MBR ve MBBR At\u0131ksu Ar\u0131tma\",\"publisher\":{\"@id\":\"https:\/\/arsistek.com\/#organization\"},\"potentialAction\":[{\"@type\":\"SearchAction\",\"target\":{\"@type\":\"EntryPoint\",\"urlTemplate\":\"https:\/\/arsistek.com\/?s={search_term_string}\"},\"query-input\":{\"@type\":\"PropertyValueSpecification\",\"valueRequired\":true,\"valueName\":\"search_term_string\"}}],\"inLanguage\":\"ru-RU\"},{\"@type\":\"Organization\",\"@id\":\"https:\/\/arsistek.com\/#organization\",\"name\":\"Arsistek Ar\u0131tma A.\u015e\",\"url\":\"https:\/\/arsistek.com\/\",\"logo\":{\"@type\":\"ImageObject\",\"inLanguage\":\"ru-RU\",\"@id\":\"https:\/\/arsistek.com\/#\/schema\/logo\/image\/\",\"url\":\"https:\/\/arsistek.com\/wp-content\/uploads\/2025\/08\/logo-arsistek.svg\",\"contentUrl\":\"https:\/\/arsistek.com\/wp-content\/uploads\/2025\/08\/logo-arsistek.svg\",\"width\":\"1024\",\"height\":\"1024\",\"caption\":\"Arsistek Ar\u0131tma A.\u015e\"},\"image\":{\"@id\":\"https:\/\/arsistek.com\/#\/schema\/logo\/image\/\"},\"sameAs\":[\"https:\/\/www.facebook.com\/arsistekaritma\",\"https:\/\/x.com\/arsistek\",\"https:\/\/tr.linkedin.com\/company\/arsistekas\"],\"description\":\"Paket Ar\u0131tma, Kompakt ve Mobil at\u0131ksu ar\u0131tma sistemleri, kum ve karbon filtrasyon sistemleri, uv dezenfeksiyon sistemleri imal ediyoruz. Irak, Libya, Azerbaycan \u00fclkelerinde \u00e7al\u0131\u015fmalar y\u00fcr\u00fct\u00fcyoruz.\",\"email\":\"info@arsistek.com\",\"telephone\":\"+90 312 394 67 92\",\"legalName\":\"Arsistek Ar\u0131tma Sistemleri Sanayi ve Ticaret A.\u015e\",\"foundingDate\":\"2014-08-10\",\"numberOfEmployees\":{\"@type\":\"QuantitativeValue\",\"value\":\"50\"}}]}<\/script>\n<!-- \/ Yoast SEO Premium plugin. -->","yoast_head_json":{"title":"Ak\u0131\u015f Kontrol Ekipmanlar\u0131 - Arsistek Ar\u0131tma A.\u015e","robots":{"index":"index","follow":"follow","max-snippet":"max-snippet:-1","max-image-preview":"max-image-preview:large","max-video-preview":"max-video-preview:-1"},"canonical":"https:\/\/arsistek.com\/ru\/hizmetler\/uretim\/akis-kontrol-ekipmanlari\/","og_locale":"ru_RU","og_type":"article","og_title":"Ak\u0131\u015f Kontrol Ekipmanlar\u0131","og_url":"https:\/\/arsistek.com\/ru\/hizmetler\/uretim\/akis-kontrol-ekipmanlari\/","og_site_name":"Arsistek Ar\u0131tma A.\u015e","article_publisher":"https:\/\/www.facebook.com\/arsistekaritma","article_modified_time":"2025-11-27T13:17:39+00:00","og_image":[{"width":900,"height":450,"url":"https:\/\/arsistek.com\/wp-content\/uploads\/2025\/09\/07.jpeg","type":"image\/jpeg"}],"twitter_card":"summary_large_image","twitter_site":"@arsistek","twitter_misc":{"\u041f\u0440\u0438\u043c\u0435\u0440\u043d\u043e\u0435 \u0432\u0440\u0435\u043c\u044f \u0434\u043b\u044f \u0447\u0442\u0435\u043d\u0438\u044f":"1 \u043c\u0438\u043d\u0443\u0442\u0430"},"schema":{"@context":"https:\/\/schema.org","@graph":[{"@type":"WebPage","@id":"https:\/\/arsistek.com\/hizmetler\/uretim\/akis-kontrol-ekipmanlari\/","url":"https:\/\/arsistek.com\/hizmetler\/uretim\/akis-kontrol-ekipmanlari\/","name":"Ak\u0131\u015f Kontrol Ekipmanlar\u0131 - Arsistek Ar\u0131tma A.\u015e","isPartOf":{"@id":"https:\/\/arsistek.com\/#website"},"datePublished":"2025-11-18T14:25:04+00:00","dateModified":"2025-11-27T13:17:39+00:00","breadcrumb":{"@id":"https:\/\/arsistek.com\/hizmetler\/uretim\/akis-kontrol-ekipmanlari\/#breadcrumb"},"inLanguage":"ru-RU","potentialAction":[{"@type":"ReadAction","target":["https:\/\/arsistek.com\/hizmetler\/uretim\/akis-kontrol-ekipmanlari\/"]}]},{"@type":"BreadcrumbList","@id":"https:\/\/arsistek.com\/hizmetler\/uretim\/akis-kontrol-ekipmanlari\/#breadcrumb","itemListElement":[{"@type":"ListItem","position":1,"name":"Anasayfa","item":"https:\/\/arsistek.com\/"},{"@type":"ListItem","position":2,"name":"Hizmetler","item":"https:\/\/arsistek.com\/hizmetler\/"},{"@type":"ListItem","position":3,"name":"\u00dcretim","item":"https:\/\/arsistek.com\/hizmetler\/uretim\/"},{"@type":"ListItem","position":4,"name":"Ak\u0131\u015f Kontrol Ekipmanlar\u0131"}]},{"@type":"WebSite","@id":"https:\/\/arsistek.com\/#website","url":"https:\/\/arsistek.com\/","name":"Arsistek Ar\u0131tma A.\u015e","description":"Paket Ar\u0131tma, MBR ve MBBR At\u0131ksu Ar\u0131tma","publisher":{"@id":"https:\/\/arsistek.com\/#organization"},"potentialAction":[{"@type":"SearchAction","target":{"@type":"EntryPoint","urlTemplate":"https:\/\/arsistek.com\/?s={search_term_string}"},"query-input":{"@type":"PropertyValueSpecification","valueRequired":true,"valueName":"search_term_string"}}],"inLanguage":"ru-RU"},{"@type":"Organization","@id":"https:\/\/arsistek.com\/#organization","name":"Arsistek Ar\u0131tma A.\u015e","url":"https:\/\/arsistek.com\/","logo":{"@type":"ImageObject","inLanguage":"ru-RU","@id":"https:\/\/arsistek.com\/#\/schema\/logo\/image\/","url":"https:\/\/arsistek.com\/wp-content\/uploads\/2025\/08\/logo-arsistek.svg","contentUrl":"https:\/\/arsistek.com\/wp-content\/uploads\/2025\/08\/logo-arsistek.svg","width":"1024","height":"1024","caption":"Arsistek Ar\u0131tma A.\u015e"},"image":{"@id":"https:\/\/arsistek.com\/#\/schema\/logo\/image\/"},"sameAs":["https:\/\/www.facebook.com\/arsistekaritma","https:\/\/x.com\/arsistek","https:\/\/tr.linkedin.com\/company\/arsistekas"],"description":"Paket Ar\u0131tma, Kompakt ve Mobil at\u0131ksu ar\u0131tma sistemleri, kum ve karbon filtrasyon sistemleri, uv dezenfeksiyon sistemleri imal ediyoruz. Irak, Libya, Azerbaycan \u00fclkelerinde \u00e7al\u0131\u015fmalar y\u00fcr\u00fct\u00fcyoruz.","email":"info@arsistek.com","telephone":"+90 312 394 67 92","legalName":"Arsistek Ar\u0131tma Sistemleri Sanayi ve Ticaret A.\u015e","foundingDate":"2014-08-10","numberOfEmployees":{"@type":"QuantitativeValue","value":"50"}}]}},"_links":{"self":[{"href":"https:\/\/arsistek.com\/ru\/wp-json\/wp\/v2\/pages\/12307","targetHints":{"allow":["GET"]}}],"collection":[{"href":"https:\/\/arsistek.com\/ru\/wp-json\/wp\/v2\/pages"}],"about":[{"href":"https:\/\/arsistek.com\/ru\/wp-json\/wp\/v2\/types\/page"}],"author":[{"embeddable":true,"href":"https:\/\/arsistek.com\/ru\/wp-json\/wp\/v2\/users\/1"}],"replies":[{"embeddable":true,"href":"https:\/\/arsistek.com\/ru\/wp-json\/wp\/v2\/comments?post=12307"}],"version-history":[{"count":11,"href":"https:\/\/arsistek.com\/ru\/wp-json\/wp\/v2\/pages\/12307\/revisions"}],"predecessor-version":[{"id":12874,"href":"https:\/\/arsistek.com\/ru\/wp-json\/wp\/v2\/pages\/12307\/revisions\/12874"}],"up":[{"embeddable":true,"href":"https:\/\/arsistek.com\/ru\/wp-json\/wp\/v2\/pages\/10327"}],"wp:attachment":[{"href":"https:\/\/arsistek.com\/ru\/wp-json\/wp\/v2\/media?parent=12307"}],"curies":[{"name":"wp","href":"https:\/\/api.w.org\/{rel}","templated":true}]}}